{"id":7,"date":"2025-12-25T23:45:41","date_gmt":"2025-12-25T23:45:41","guid":{"rendered":"https:\/\/gtg-grandson.ch\/?page_id=7"},"modified":"2026-03-29T12:48:09","modified_gmt":"2026-03-29T12:48:09","slug":"a-laffiche","status":"publish","type":"page","link":"https:\/\/gtg-grandson.ch\/a-laffiche\/","title":{"rendered":"\u00c0 l&#8217;affiche"},"content":{"rendered":"\n<div class=\"wp-block-columns is-layout-flex wp-container-core-columns-is-layout-6bfa0597 wp-block-columns-is-layout-flex\" style=\"margin-top:0;margin-bottom:0;padding-top:0;padding-right:var(--wp--preset--spacing--20);padding-bottom:0;padding-left:var(--wp--preset--spacing--20)\">\n<div class=\"wp-block-column is-layout-flow wp-block-column-is-layout-flow\" style=\"flex-basis:50%\">\n<figure class=\"wp-block-image size-large\"><a href=\"https:\/\/gtg-grandson.ch\/wp-content\/uploads\/2026\/02\/flyers-a5_recto-1.png\"><img loading=\"lazy\" decoding=\"async\" width=\"729\" height=\"1024\" src=\"https:\/\/gtg-grandson.ch\/wp-content\/uploads\/2026\/02\/flyers-a5_recto-1-729x1024.png\" alt=\"\" class=\"wp-image-302\" srcset=\"https:\/\/gtg-grandson.ch\/wp-content\/uploads\/2026\/02\/flyers-a5_recto-1-729x1024.png 729w, https:\/\/gtg-grandson.ch\/wp-content\/uploads\/2026\/02\/flyers-a5_recto-1-214x300.png 214w, https:\/\/gtg-grandson.ch\/wp-content\/uploads\/2026\/02\/flyers-a5_recto-1-768x1078.png 768w, https:\/\/gtg-grandson.ch\/wp-content\/uploads\/2026\/02\/flyers-a5_recto-1.png 839w\" sizes=\"auto, (max-width: 729px) 100vw, 729px\" \/><\/a><\/figure>\n<\/div>\n\n\n\n<div class=\"wp-block-column is-layout-flow wp-block-column-is-layout-flow\" style=\"flex-basis:66.66%\">\n<p class=\"is-style-text-display has-x-large-font-size is-style-text-display--1\">CADAVRE EN COULISSES<\/p>\n\n\n\n<p class=\"is-style-text-subtitle has-large-font-size is-style-text-subtitle--2\">Com\u00e9die polici\u00e8re en deux actes d\u2019Annick Voirol Reymond.<\/p>\n\n\n\n<p>2026. Une troupe d&#8217;amateurs r\u00e9p\u00e8te p\u00e9niblement sa pi\u00e8ce de th\u00e9\u00e2tre sur le th\u00e8me des guerres de Bourgogne&#8230; Com\u00e9diens distraits, metteuse en sc\u00e8ne stress\u00e9e, costumi\u00e8re en retard : l&#8217;ambiance est \u00e9lectrique ! Et quand la mort frappe en coulisses, les masques tombent&#8230; Qui cache un lourd secret ?<\/p>\n\n\n\n<p>Les spectateurs pourront mener l&#8217;enqu\u00eate et d\u00e9signer le coupable. Et vous, saurez-vous deviner qui a tu\u00e9 ?<\/p>\n\n\n\n<p>Environ 1h50 avec entracte.<\/p>\n\n\n\n<div class=\"wp-block-buttons is-content-justification-center is-layout-flex wp-container-core-buttons-is-layout-a89b3969 wp-block-buttons-is-layout-flex\">\n<div class=\"wp-block-button\"><a class=\"wp-block-button__link wp-element-button\" href=\"https:\/\/gtg-grandson.ch\/reservations\">Billetterie<\/a><\/div>\n<\/div>\n\n\n\n<p class=\"has-text-align-center has-x-large-font-size\"><strong>1 &#8211; 2 &#8211; 3 &#8211; 6 &#8211; 8 &#8211; 9 mai 2026<\/strong><\/p>\n\n\n\n<p class=\"has-text-align-center has-custom-bleu-azur-color has-text-color has-link-color has-large-font-size wp-elements-3dfffb4ce1d5cbd29cc5ab4322dd1b62\"><strong><em>Suppl\u00e9mentaire le <\/em><\/strong><em><strong>dimanche 10 mai<\/strong><\/em><strong><em> !\u00a0<\/em><\/strong><\/p>\n\n\n\n<p><strong>20h30, dimanche : 17h30<\/strong><br>Portes : 1h avant le spectacle<\/p>\n\n\n\n<p><strong>Caveau du Croch\u2019Pied<\/strong>, Rue Basse 32,&nbsp;CH-1422 Grandson<\/p>\n<\/div>\n<\/div>\n","protected":false},"excerpt":{"rendered":"<p>CADAVRE EN COULISSES Com\u00e9die polici\u00e8re en deux actes d\u2019Annick Voirol Reymond. 2026. Une troupe d&#8217;amateurs r\u00e9p\u00e8te p\u00e9niblement sa pi\u00e8ce de th\u00e9\u00e2tre sur le th\u00e8me des guerres de Bourgogne&#8230; Com\u00e9diens distraits, metteuse en sc\u00e8ne stress\u00e9e, costumi\u00e8re en retard : l&#8217;ambiance est \u00e9lectrique ! Et quand la mort frappe en coulisses, les masques tombent&#8230; Qui cache un [&hellip;]<\/p>\n","protected":false},"author":1,"featured_media":0,"parent":0,"menu_order":0,"comment_status":"closed","ping_status":"closed","template":"","meta":{"footnotes":""},"class_list":["post-7","page","type-page","status-publish","hentry"],"yoast_head":"<!-- This site is optimized with the Yoast SEO plugin v27.0 - https:\/\/yoast.com\/product\/yoast-seo-wordpress\/ -->\n<title>\u00c0 l&#039;affiche - Groupe Th\u00e9\u00e2tre Grandson<\/title>\n<meta name=\"robots\" content=\"index, follow, max-snippet:-1, max-image-preview:large, max-video-preview:-1\" \/>\n<link rel=\"canonical\" href=\"https:\/\/gtg-grandson.ch\/a-laffiche\/\" \/>\n<meta property=\"og:locale\" content=\"fr_FR\" \/>\n<meta property=\"og:type\" content=\"article\" \/>\n<meta property=\"og:title\" content=\"\u00c0 l&#039;affiche - Groupe Th\u00e9\u00e2tre Grandson\" \/>\n<meta property=\"og:description\" content=\"CADAVRE EN COULISSES Com\u00e9die polici\u00e8re en deux actes d\u2019Annick Voirol Reymond. 2026. Une troupe d&#8217;amateurs r\u00e9p\u00e8te p\u00e9niblement sa pi\u00e8ce de th\u00e9\u00e2tre sur le th\u00e8me des guerres de Bourgogne&#8230; Com\u00e9diens distraits, metteuse en sc\u00e8ne stress\u00e9e, costumi\u00e8re en retard : l&#8217;ambiance est \u00e9lectrique ! Et quand la mort frappe en coulisses, les masques tombent&#8230; Qui cache un [&hellip;]\" \/>\n<meta property=\"og:url\" content=\"https:\/\/gtg-grandson.ch\/a-laffiche\/\" \/>\n<meta property=\"og:site_name\" content=\"Groupe Th\u00e9\u00e2tre Grandson\" \/>\n<meta property=\"article:modified_time\" content=\"2026-03-29T12:48:09+00:00\" \/>\n<meta property=\"og:image\" content=\"https:\/\/gtg-grandson.ch\/wp-content\/uploads\/2026\/02\/flyers-a5_recto-1.png\" \/>\n\t<meta property=\"og:image:width\" content=\"839\" \/>\n\t<meta property=\"og:image:height\" content=\"1178\" \/>\n\t<meta property=\"og:image:type\" content=\"image\/png\" \/>\n<meta name=\"twitter:card\" content=\"summary_large_image\" \/>\n<meta name=\"twitter:label1\" content=\"Dur\u00e9e de lecture estim\u00e9e\" \/>\n\t<meta name=\"twitter:data1\" content=\"1 minute\" \/>\n<script type=\"application\/ld+json\" class=\"yoast-schema-graph\">{\"@context\":\"https:\/\/schema.org\",\"@graph\":[{\"@type\":\"WebPage\",\"@id\":\"https:\/\/gtg-grandson.ch\/a-laffiche\/\",\"url\":\"https:\/\/gtg-grandson.ch\/a-laffiche\/\",\"name\":\"\u00c0 l'affiche - Groupe Th\u00e9\u00e2tre Grandson\",\"isPartOf\":{\"@id\":\"https:\/\/gtg-grandson.ch\/a-laffiche\/#website\"},\"primaryImageOfPage\":{\"@id\":\"https:\/\/gtg-grandson.ch\/a-laffiche\/#primaryimage\"},\"image\":{\"@id\":\"https:\/\/gtg-grandson.ch\/a-laffiche\/#primaryimage\"},\"thumbnailUrl\":\"https:\/\/gtg-grandson.ch\/wp-content\/uploads\/2026\/02\/flyers-a5_recto-1-729x1024.png\",\"datePublished\":\"2025-12-25T23:45:41+00:00\",\"dateModified\":\"2026-03-29T12:48:09+00:00\",\"breadcrumb\":{\"@id\":\"https:\/\/gtg-grandson.ch\/a-laffiche\/#breadcrumb\"},\"inLanguage\":\"fr-FR\",\"potentialAction\":[{\"@type\":\"ReadAction\",\"target\":[\"https:\/\/gtg-grandson.ch\/a-laffiche\/\"]}]},{\"@type\":\"ImageObject\",\"inLanguage\":\"fr-FR\",\"@id\":\"https:\/\/gtg-grandson.ch\/a-laffiche\/#primaryimage\",\"url\":\"https:\/\/gtg-grandson.ch\/wp-content\/uploads\/2026\/02\/flyers-a5_recto-1-729x1024.png\",\"contentUrl\":\"https:\/\/gtg-grandson.ch\/wp-content\/uploads\/2026\/02\/flyers-a5_recto-1-729x1024.png\"},{\"@type\":\"BreadcrumbList\",\"@id\":\"https:\/\/gtg-grandson.ch\/a-laffiche\/#breadcrumb\",\"itemListElement\":[{\"@type\":\"ListItem\",\"position\":1,\"name\":\"Accueil\",\"item\":\"https:\/\/gtg-grandson.ch\/a-laffiche\/\"},{\"@type\":\"ListItem\",\"position\":2,\"name\":\"\u00c0 l&#8217;affiche\"}]},{\"@type\":\"WebSite\",\"@id\":\"https:\/\/gtg-grandson.ch\/a-laffiche\/#website\",\"url\":\"https:\/\/gtg-grandson.ch\/a-laffiche\/\",\"name\":\"Groupe Th\u00e9\u00e2tre Grandson\",\"description\":\"\",\"potentialAction\":[{\"@type\":\"SearchAction\",\"target\":{\"@type\":\"EntryPoint\",\"urlTemplate\":\"https:\/\/gtg-grandson.ch\/a-laffiche\/?s={search_term_string}\"},\"query-input\":{\"@type\":\"PropertyValueSpecification\",\"valueRequired\":true,\"valueName\":\"search_term_string\"}}],\"inLanguage\":\"fr-FR\"}]}<\/script>\n<!-- \/ Yoast SEO plugin. -->","yoast_head_json":{"title":"\u00c0 l'affiche - Groupe Th\u00e9\u00e2tre Grandson","robots":{"index":"index","follow":"follow","max-snippet":"max-snippet:-1","max-image-preview":"max-image-preview:large","max-video-preview":"max-video-preview:-1"},"canonical":"https:\/\/gtg-grandson.ch\/a-laffiche\/","og_locale":"fr_FR","og_type":"article","og_title":"\u00c0 l'affiche - Groupe Th\u00e9\u00e2tre Grandson","og_description":"CADAVRE EN COULISSES Com\u00e9die polici\u00e8re en deux actes d\u2019Annick Voirol Reymond. 2026. Une troupe d&#8217;amateurs r\u00e9p\u00e8te p\u00e9niblement sa pi\u00e8ce de th\u00e9\u00e2tre sur le th\u00e8me des guerres de Bourgogne&#8230; Com\u00e9diens distraits, metteuse en sc\u00e8ne stress\u00e9e, costumi\u00e8re en retard : l&#8217;ambiance est \u00e9lectrique ! Et quand la mort frappe en coulisses, les masques tombent&#8230; Qui cache un [&hellip;]","og_url":"https:\/\/gtg-grandson.ch\/a-laffiche\/","og_site_name":"Groupe Th\u00e9\u00e2tre Grandson","article_modified_time":"2026-03-29T12:48:09+00:00","og_image":[{"width":839,"height":1178,"url":"https:\/\/gtg-grandson.ch\/wp-content\/uploads\/2026\/02\/flyers-a5_recto-1.png","type":"image\/png"}],"twitter_card":"summary_large_image","twitter_misc":{"Dur\u00e9e de lecture estim\u00e9e":"1 minute"},"schema":{"@context":"https:\/\/schema.org","@graph":[{"@type":"WebPage","@id":"https:\/\/gtg-grandson.ch\/a-laffiche\/","url":"https:\/\/gtg-grandson.ch\/a-laffiche\/","name":"\u00c0 l'affiche - Groupe Th\u00e9\u00e2tre Grandson","isPartOf":{"@id":"https:\/\/gtg-grandson.ch\/a-laffiche\/#website"},"primaryImageOfPage":{"@id":"https:\/\/gtg-grandson.ch\/a-laffiche\/#primaryimage"},"image":{"@id":"https:\/\/gtg-grandson.ch\/a-laffiche\/#primaryimage"},"thumbnailUrl":"https:\/\/gtg-grandson.ch\/wp-content\/uploads\/2026\/02\/flyers-a5_recto-1-729x1024.png","datePublished":"2025-12-25T23:45:41+00:00","dateModified":"2026-03-29T12:48:09+00:00","breadcrumb":{"@id":"https:\/\/gtg-grandson.ch\/a-laffiche\/#breadcrumb"},"inLanguage":"fr-FR","potentialAction":[{"@type":"ReadAction","target":["https:\/\/gtg-grandson.ch\/a-laffiche\/"]}]},{"@type":"ImageObject","inLanguage":"fr-FR","@id":"https:\/\/gtg-grandson.ch\/a-laffiche\/#primaryimage","url":"https:\/\/gtg-grandson.ch\/wp-content\/uploads\/2026\/02\/flyers-a5_recto-1-729x1024.png","contentUrl":"https:\/\/gtg-grandson.ch\/wp-content\/uploads\/2026\/02\/flyers-a5_recto-1-729x1024.png"},{"@type":"BreadcrumbList","@id":"https:\/\/gtg-grandson.ch\/a-laffiche\/#breadcrumb","itemListElement":[{"@type":"ListItem","position":1,"name":"Accueil","item":"https:\/\/gtg-grandson.ch\/a-laffiche\/"},{"@type":"ListItem","position":2,"name":"\u00c0 l&#8217;affiche"}]},{"@type":"WebSite","@id":"https:\/\/gtg-grandson.ch\/a-laffiche\/#website","url":"https:\/\/gtg-grandson.ch\/a-laffiche\/","name":"Groupe Th\u00e9\u00e2tre Grandson","description":"","potentialAction":[{"@type":"SearchAction","target":{"@type":"EntryPoint","urlTemplate":"https:\/\/gtg-grandson.ch\/a-laffiche\/?s={search_term_string}"},"query-input":{"@type":"PropertyValueSpecification","valueRequired":true,"valueName":"search_term_string"}}],"inLanguage":"fr-FR"}]}},"_links":{"self":[{"href":"https:\/\/gtg-grandson.ch\/a-laffiche\/wp-json\/wp\/v2\/pages\/7","targetHints":{"allow":["GET"]}}],"collection":[{"href":"https:\/\/gtg-grandson.ch\/a-laffiche\/wp-json\/wp\/v2\/pages"}],"about":[{"href":"https:\/\/gtg-grandson.ch\/a-laffiche\/wp-json\/wp\/v2\/types\/page"}],"author":[{"embeddable":true,"href":"https:\/\/gtg-grandson.ch\/a-laffiche\/wp-json\/wp\/v2\/users\/1"}],"replies":[{"embeddable":true,"href":"https:\/\/gtg-grandson.ch\/a-laffiche\/wp-json\/wp\/v2\/comments?post=7"}],"version-history":[{"count":20,"href":"https:\/\/gtg-grandson.ch\/a-laffiche\/wp-json\/wp\/v2\/pages\/7\/revisions"}],"predecessor-version":[{"id":320,"href":"https:\/\/gtg-grandson.ch\/a-laffiche\/wp-json\/wp\/v2\/pages\/7\/revisions\/320"}],"wp:attachment":[{"href":"https:\/\/gtg-grandson.ch\/a-laffiche\/wp-json\/wp\/v2\/media?parent=7"}],"curies":[{"name":"wp","href":"https:\/\/api.w.org\/{rel}","templated":true}]}}