{"id":26,"date":"2025-12-25T23:46:15","date_gmt":"2025-12-25T23:46:15","guid":{"rendered":"https:\/\/gtg-grandson.ch\/?page_id=26"},"modified":"2026-03-31T08:53:36","modified_gmt":"2026-03-31T08:53:36","slug":"reservations","status":"publish","type":"page","link":"https:\/\/gtg-grandson.ch\/a-laffiche\/reservations\/","title":{"rendered":"Billetterie"},"content":{"rendered":"\n<div style=\"height:31px\" aria-hidden=\"true\" class=\"wp-block-spacer\"><\/div>\n\n\n\n<p class=\"has-large-font-size\">Plein tarif : 25.-<\/p>\n\n\n\n<p class=\"has-small-font-size\">(enfants jusqu&#8217;\u00e0 16 ans : 15.-)<\/p>\n\n\n\n<p class=\"has-text-align-center\">ATTENTION : Paiement en ligne sur Eventfrog.<\/p>\n\n\n\n<p class=\"has-small-font-size\">Places limit\u00e9es et non-num\u00e9rot\u00e9es !<\/p>\n\n\n\n<p class=\"has-small-font-size\">Lieu: Caveau du Croch\u2019Pied, Rue Basse 32, CH-1422 Grandson<\/p>\n\n\n\n<p class=\"has-small-font-size\">Spectacle \u00e0 20h30 (17h30 le dimanche). Portes, bar et petite restauration 1h avant.<\/p>\n\n\n\n<div style=\"height:31px\" aria-hidden=\"true\" class=\"wp-block-spacer\"><\/div>\n\n\n\n<hr class=\"wp-block-separator has-alpha-channel-opacity\"\/>\n\n\n\n<p class=\"has-small-font-size\"><em>Au vu du succ\u00e8s du spectacle, une suppl\u00e9mentaire sera jou\u00e9e le dimanche 10 mai<\/em>.<em> Merci pour votre int\u00e9r\u00eat et votre soutien !<\/em><\/p>\n\n\n\n<p class=\"has-custom-bleu-azur-color has-text-color has-link-color has-medium-font-size wp-elements-fdb8b02ccfe4dd0e7a1f28f7e8e2e211\">Rendez-vous sur la billetterie <a href=\"https:\/\/eventfrog.ch\/\" target=\"_blank\" rel=\"noreferrer noopener\">eventfrog.ch<\/a> pour v\u00e9rifier que les spectacles soient bien complets&#8230; il se peut que des billets soient annul\u00e9s, lib\u00e9rant ainsi des places !<\/p>\n\n\n\n<div style=\"height:31px\" aria-hidden=\"true\" class=\"wp-block-spacer\"><\/div>\n\n\n\n<div class=\"wp-block-group is-layout-grid wp-container-core-group-is-layout-53471c98 wp-block-group-is-layout-grid\" style=\"border-width:1px;border-top-left-radius:10px;border-top-right-radius:10px;border-bottom-left-radius:10px;border-bottom-right-radius:10px;padding-top:0;padding-left:var(--wp--preset--spacing--20)\">\n<p class=\"has-custom-bleu-azur-color has-text-color has-link-color has-small-font-size wp-elements-22eb874fbc4bd8a5f725ea53ea4c10c9 wp-container-content-5e2576f9\" style=\"padding-top:var(--wp--preset--spacing--20)\"><strong>SUPPL\u00c9MENTAIRE<\/strong> !<br>dimanche 10 mai 2026, 17h30<\/p>\n\n\n\n<script src=\"https:\/\/embed.eventfrog.ch\/api\/scripts\/embed\/buybutton.js\"><\/script><iframe loading=\"lazy\" src=\"https:\/\/embed.eventfrog.ch\/fr\/embed\/button-buy.html?eventId=7443982445102260475\" frameborder=\"0\" scrolling=\"no\" width=\"260\" height=\"47\"><\/iframe>\n<\/div>\n\n\n\n<div style=\"height:31px\" aria-hidden=\"true\" class=\"wp-block-spacer\"><\/div>\n\n\n\n<div class=\"wp-block-group has-border-color is-layout-grid wp-container-core-group-is-layout-53471c98 wp-block-group-is-layout-grid\" style=\"border-color:#686868;border-width:1px;border-top-left-radius:10px;border-top-right-radius:10px;border-bottom-left-radius:10px;border-bottom-right-radius:10px;padding-top:0;padding-left:var(--wp--preset--spacing--20)\">\n<p class=\"has-contrast-color has-text-color has-link-color has-small-font-size wp-elements-f3abae2f3fff2fc7fc90e67e96fc0967\" style=\"padding-top:var(--wp--preset--spacing--20)\">vendredi 1er mai 2026, 20h30 <\/p>\n\n\n\n<p class=\"has-custom-or-jaune-background-color has-background\"><strong>!!! COMPLET !!!<\/strong><\/p>\n<\/div>\n\n\n\n<div class=\"wp-block-group is-layout-grid wp-container-core-group-is-layout-53471c98 wp-block-group-is-layout-grid\" style=\"border-width:1px;border-top-left-radius:10px;border-top-right-radius:10px;border-bottom-left-radius:10px;border-bottom-right-radius:10px;padding-top:0;padding-left:var(--wp--preset--spacing--20)\">\n<p class=\"has-small-font-size\" style=\"padding-top:var(--wp--preset--spacing--20)\">samedi 2 mai 2026, 20h30<\/p>\n\n\n\n<p class=\"has-custom-or-jaune-background-color has-background\"><strong>!!! COMPLET !!!<\/strong><\/p>\n<\/div>\n\n\n\n<div class=\"wp-block-group is-layout-grid wp-container-core-group-is-layout-53471c98 wp-block-group-is-layout-grid\" style=\"border-width:1px;border-top-left-radius:10px;border-top-right-radius:10px;border-bottom-left-radius:10px;border-bottom-right-radius:10px;padding-top:0;padding-left:var(--wp--preset--spacing--20)\">\n<p class=\"has-small-font-size\" style=\"padding-top:var(--wp--preset--spacing--20)\">dimanche 3 mai 2026, 17h30<\/p>\n\n\n\n<p class=\"has-custom-or-jaune-background-color has-background\"><strong>!!! COMPLET !!!<\/strong><\/p>\n<\/div>\n\n\n\n<div class=\"wp-block-group is-layout-grid wp-container-core-group-is-layout-53471c98 wp-block-group-is-layout-grid\" style=\"border-width:1px;border-top-left-radius:10px;border-top-right-radius:10px;border-bottom-left-radius:10px;border-bottom-right-radius:10px;padding-top:0;padding-left:var(--wp--preset--spacing--20)\">\n<p class=\"has-small-font-size\" style=\"padding-top:var(--wp--preset--spacing--20)\">mercredi 6 mai 2026, 20h30<\/p>\n\n\n\n<script src=\"https:\/\/embed.eventfrog.ch\/api\/scripts\/embed\/buybutton.js\"><\/script><iframe loading=\"lazy\" src=\"https:\/\/embed.eventfrog.ch\/fr\/embed\/button-buy.html?eventId=7431823807558512309\" frameborder=\"0\" scrolling=\"no\" width=\"260\" height=\"47\"><\/iframe>\n<\/div>\n\n\n\n<div class=\"wp-block-group is-layout-grid wp-container-core-group-is-layout-53471c98 wp-block-group-is-layout-grid\" style=\"border-width:1px;border-top-left-radius:10px;border-top-right-radius:10px;border-bottom-left-radius:10px;border-bottom-right-radius:10px;padding-top:0;padding-left:var(--wp--preset--spacing--20)\">\n<p class=\"has-small-font-size\" style=\"padding-top:var(--wp--preset--spacing--20)\">vendredi 8 mai 2026, 20h30<\/p>\n\n\n\n<p class=\"has-custom-or-jaune-background-color has-background\"><strong>!!! COMPLET !!!<\/strong><\/p>\n<\/div>\n\n\n\n<div class=\"wp-block-group is-layout-grid wp-container-core-group-is-layout-53471c98 wp-block-group-is-layout-grid\" style=\"border-width:1px;border-top-left-radius:10px;border-top-right-radius:10px;border-bottom-left-radius:10px;border-bottom-right-radius:10px;padding-top:0;padding-left:var(--wp--preset--spacing--20)\">\n<p class=\"has-small-font-size\" style=\"padding-top:var(--wp--preset--spacing--20);padding-bottom:var(--wp--preset--spacing--20)\">samedi 9 mai 2026, 20h30<\/p>\n\n\n\n<p class=\"has-custom-or-jaune-background-color has-background\"><strong>!!! COMPLET !!!<\/strong><\/p>\n<\/div>\n","protected":false},"excerpt":{"rendered":"<p>Plein tarif : 25.- (enfants jusqu&#8217;\u00e0 16 ans : 15.-) ATTENTION : Paiement en ligne sur Eventfrog. Places limit\u00e9es et non-num\u00e9rot\u00e9es ! Lieu: Caveau du Croch\u2019Pied, Rue Basse 32, CH-1422 Grandson Spectacle \u00e0 20h30 (17h30 le dimanche). Portes, bar et petite restauration 1h avant. Au vu du succ\u00e8s du spectacle, une suppl\u00e9mentaire sera jou\u00e9e le [&hellip;]<\/p>\n","protected":false},"author":1,"featured_media":0,"parent":0,"menu_order":0,"comment_status":"closed","ping_status":"closed","template":"","meta":{"footnotes":""},"class_list":["post-26","page","type-page","status-publish","hentry"],"yoast_head":"<!-- This site is optimized with the Yoast SEO plugin v27.0 - https:\/\/yoast.com\/product\/yoast-seo-wordpress\/ -->\n<title>Billetterie - Groupe Th\u00e9\u00e2tre Grandson<\/title>\n<meta name=\"robots\" content=\"index, follow, max-snippet:-1, max-image-preview:large, max-video-preview:-1\" \/>\n<link rel=\"canonical\" href=\"https:\/\/gtg-grandson.ch\/a-laffiche\/reservations\/\" \/>\n<meta property=\"og:locale\" content=\"fr_FR\" \/>\n<meta property=\"og:type\" content=\"article\" \/>\n<meta property=\"og:title\" content=\"Billetterie - Groupe Th\u00e9\u00e2tre Grandson\" \/>\n<meta property=\"og:description\" content=\"Plein tarif : 25.- (enfants jusqu&#8217;\u00e0 16 ans : 15.-) ATTENTION : Paiement en ligne sur Eventfrog. Places limit\u00e9es et non-num\u00e9rot\u00e9es ! Lieu: Caveau du Croch\u2019Pied, Rue Basse 32, CH-1422 Grandson Spectacle \u00e0 20h30 (17h30 le dimanche). Portes, bar et petite restauration 1h avant. Au vu du succ\u00e8s du spectacle, une suppl\u00e9mentaire sera jou\u00e9e le [&hellip;]\" \/>\n<meta property=\"og:url\" content=\"https:\/\/gtg-grandson.ch\/a-laffiche\/reservations\/\" \/>\n<meta property=\"og:site_name\" content=\"Groupe Th\u00e9\u00e2tre Grandson\" \/>\n<meta property=\"article:modified_time\" content=\"2026-03-31T08:53:36+00:00\" \/>\n<meta name=\"twitter:card\" content=\"summary_large_image\" \/>\n<meta name=\"twitter:label1\" content=\"Dur\u00e9e de lecture estim\u00e9e\" \/>\n\t<meta name=\"twitter:data1\" content=\"1 minute\" \/>\n<script type=\"application\/ld+json\" class=\"yoast-schema-graph\">{\"@context\":\"https:\/\/schema.org\",\"@graph\":[{\"@type\":\"WebPage\",\"@id\":\"https:\/\/gtg-grandson.ch\/a-laffiche\/reservations\/\",\"url\":\"https:\/\/gtg-grandson.ch\/a-laffiche\/reservations\/\",\"name\":\"Billetterie - Groupe Th\u00e9\u00e2tre Grandson\",\"isPartOf\":{\"@id\":\"https:\/\/gtg-grandson.ch\/a-laffiche\/#website\"},\"datePublished\":\"2025-12-25T23:46:15+00:00\",\"dateModified\":\"2026-03-31T08:53:36+00:00\",\"breadcrumb\":{\"@id\":\"https:\/\/gtg-grandson.ch\/a-laffiche\/reservations\/#breadcrumb\"},\"inLanguage\":\"fr-FR\",\"potentialAction\":[{\"@type\":\"ReadAction\",\"target\":[\"https:\/\/gtg-grandson.ch\/a-laffiche\/reservations\/\"]}]},{\"@type\":\"BreadcrumbList\",\"@id\":\"https:\/\/gtg-grandson.ch\/a-laffiche\/reservations\/#breadcrumb\",\"itemListElement\":[{\"@type\":\"ListItem\",\"position\":1,\"name\":\"Accueil\",\"item\":\"https:\/\/gtg-grandson.ch\/a-laffiche\/\"},{\"@type\":\"ListItem\",\"position\":2,\"name\":\"Billetterie\"}]},{\"@type\":\"WebSite\",\"@id\":\"https:\/\/gtg-grandson.ch\/a-laffiche\/#website\",\"url\":\"https:\/\/gtg-grandson.ch\/a-laffiche\/\",\"name\":\"Groupe Th\u00e9\u00e2tre Grandson\",\"description\":\"\",\"potentialAction\":[{\"@type\":\"SearchAction\",\"target\":{\"@type\":\"EntryPoint\",\"urlTemplate\":\"https:\/\/gtg-grandson.ch\/a-laffiche\/?s={search_term_string}\"},\"query-input\":{\"@type\":\"PropertyValueSpecification\",\"valueRequired\":true,\"valueName\":\"search_term_string\"}}],\"inLanguage\":\"fr-FR\"}]}<\/script>\n<!-- \/ Yoast SEO plugin. -->","yoast_head_json":{"title":"Billetterie - Groupe Th\u00e9\u00e2tre Grandson","robots":{"index":"index","follow":"follow","max-snippet":"max-snippet:-1","max-image-preview":"max-image-preview:large","max-video-preview":"max-video-preview:-1"},"canonical":"https:\/\/gtg-grandson.ch\/a-laffiche\/reservations\/","og_locale":"fr_FR","og_type":"article","og_title":"Billetterie - Groupe Th\u00e9\u00e2tre Grandson","og_description":"Plein tarif : 25.- (enfants jusqu&#8217;\u00e0 16 ans : 15.-) ATTENTION : Paiement en ligne sur Eventfrog. Places limit\u00e9es et non-num\u00e9rot\u00e9es ! Lieu: Caveau du Croch\u2019Pied, Rue Basse 32, CH-1422 Grandson Spectacle \u00e0 20h30 (17h30 le dimanche). Portes, bar et petite restauration 1h avant. Au vu du succ\u00e8s du spectacle, une suppl\u00e9mentaire sera jou\u00e9e le [&hellip;]","og_url":"https:\/\/gtg-grandson.ch\/a-laffiche\/reservations\/","og_site_name":"Groupe Th\u00e9\u00e2tre Grandson","article_modified_time":"2026-03-31T08:53:36+00:00","twitter_card":"summary_large_image","twitter_misc":{"Dur\u00e9e de lecture estim\u00e9e":"1 minute"},"schema":{"@context":"https:\/\/schema.org","@graph":[{"@type":"WebPage","@id":"https:\/\/gtg-grandson.ch\/a-laffiche\/reservations\/","url":"https:\/\/gtg-grandson.ch\/a-laffiche\/reservations\/","name":"Billetterie - Groupe Th\u00e9\u00e2tre Grandson","isPartOf":{"@id":"https:\/\/gtg-grandson.ch\/a-laffiche\/#website"},"datePublished":"2025-12-25T23:46:15+00:00","dateModified":"2026-03-31T08:53:36+00:00","breadcrumb":{"@id":"https:\/\/gtg-grandson.ch\/a-laffiche\/reservations\/#breadcrumb"},"inLanguage":"fr-FR","potentialAction":[{"@type":"ReadAction","target":["https:\/\/gtg-grandson.ch\/a-laffiche\/reservations\/"]}]},{"@type":"BreadcrumbList","@id":"https:\/\/gtg-grandson.ch\/a-laffiche\/reservations\/#breadcrumb","itemListElement":[{"@type":"ListItem","position":1,"name":"Accueil","item":"https:\/\/gtg-grandson.ch\/a-laffiche\/"},{"@type":"ListItem","position":2,"name":"Billetterie"}]},{"@type":"WebSite","@id":"https:\/\/gtg-grandson.ch\/a-laffiche\/#website","url":"https:\/\/gtg-grandson.ch\/a-laffiche\/","name":"Groupe Th\u00e9\u00e2tre Grandson","description":"","potentialAction":[{"@type":"SearchAction","target":{"@type":"EntryPoint","urlTemplate":"https:\/\/gtg-grandson.ch\/a-laffiche\/?s={search_term_string}"},"query-input":{"@type":"PropertyValueSpecification","valueRequired":true,"valueName":"search_term_string"}}],"inLanguage":"fr-FR"}]}},"_links":{"self":[{"href":"https:\/\/gtg-grandson.ch\/a-laffiche\/wp-json\/wp\/v2\/pages\/26","targetHints":{"allow":["GET"]}}],"collection":[{"href":"https:\/\/gtg-grandson.ch\/a-laffiche\/wp-json\/wp\/v2\/pages"}],"about":[{"href":"https:\/\/gtg-grandson.ch\/a-laffiche\/wp-json\/wp\/v2\/types\/page"}],"author":[{"embeddable":true,"href":"https:\/\/gtg-grandson.ch\/a-laffiche\/wp-json\/wp\/v2\/users\/1"}],"replies":[{"embeddable":true,"href":"https:\/\/gtg-grandson.ch\/a-laffiche\/wp-json\/wp\/v2\/comments?post=26"}],"version-history":[{"count":42,"href":"https:\/\/gtg-grandson.ch\/a-laffiche\/wp-json\/wp\/v2\/pages\/26\/revisions"}],"predecessor-version":[{"id":324,"href":"https:\/\/gtg-grandson.ch\/a-laffiche\/wp-json\/wp\/v2\/pages\/26\/revisions\/324"}],"wp:attachment":[{"href":"https:\/\/gtg-grandson.ch\/a-laffiche\/wp-json\/wp\/v2\/media?parent=26"}],"curies":[{"name":"wp","href":"https:\/\/api.w.org\/{rel}","templated":true}]}}