{"id":20,"date":"2025-12-25T23:46:30","date_gmt":"2025-12-25T23:46:30","guid":{"rendered":"https:\/\/gtg-grandson.ch\/?page_id=20"},"modified":"2026-01-19T17:53:54","modified_gmt":"2026-01-19T17:53:54","slug":"la-troupe","status":"publish","type":"page","link":"https:\/\/gtg-grandson.ch\/a-laffiche\/la-troupe\/","title":{"rendered":"La troupe"},"content":{"rendered":"\n<div class=\"wp-block-group alignfull has-global-padding is-layout-constrained wp-container-core-group-is-layout-ebee8dc1 wp-block-group-is-layout-constrained\" style=\"margin-top:0;margin-bottom:0;padding-top:var(--wp--preset--spacing--50);padding-bottom:var(--wp--preset--spacing--50)\">\n<div class=\"wp-block-columns alignwide is-layout-flex wp-container-core-columns-is-layout-28f84493 wp-block-columns-is-layout-flex\">\n<div class=\"wp-block-column is-layout-flow wp-block-column-is-layout-flow\">\n<figure class=\"wp-block-image size-full is-resized\" style=\"margin-bottom:24px\"><img loading=\"lazy\" decoding=\"async\" width=\"519\" height=\"623\" src=\"https:\/\/gtg-grandson.ch\/wp-content\/uploads\/2026\/01\/Annick.jpeg\" alt=\"\" class=\"wp-image-267\" style=\"aspect-ratio:0.75;object-fit:cover;width:164px\" srcset=\"https:\/\/gtg-grandson.ch\/wp-content\/uploads\/2026\/01\/Annick.jpeg 519w, https:\/\/gtg-grandson.ch\/wp-content\/uploads\/2026\/01\/Annick-250x300.jpeg 250w\" sizes=\"auto, (max-width: 519px) 100vw, 519px\" \/><\/figure>\n\n\n\n<h3 class=\"wp-block-heading\">Annick Voirol Reymond<\/h3>\n\n\n\n<p class=\"has-medium-font-size\">Membre et auteure depuis &lt;fort longtemps><br>&#8220;Et puis quoi, qu\u2019importe la culture ? Quand il a \u00e9crit Hamlet, Moli\u00e8re avait-il lu Rostand ? Non !&#8221;\u00a0<\/p>\n\n\n\n<p class=\"has-medium-font-size\">Pierre Desproges<\/p>\n<\/div>\n\n\n\n<div class=\"wp-block-column is-layout-flow wp-block-column-is-layout-flow\">\n<figure class=\"wp-block-image size-full is-resized\" style=\"margin-bottom:24px\"><img loading=\"lazy\" decoding=\"async\" width=\"1652\" height=\"2280\" src=\"https:\/\/gtg-grandson.ch\/wp-content\/uploads\/2025\/12\/Benoit.jpeg\" alt=\"\" class=\"wp-image-39\" style=\"aspect-ratio:3\/4;object-fit:cover;width:164px\" srcset=\"https:\/\/gtg-grandson.ch\/wp-content\/uploads\/2025\/12\/Benoit.jpeg 1652w, https:\/\/gtg-grandson.ch\/wp-content\/uploads\/2025\/12\/Benoit-217x300.jpeg 217w, https:\/\/gtg-grandson.ch\/wp-content\/uploads\/2025\/12\/Benoit-742x1024.jpeg 742w, https:\/\/gtg-grandson.ch\/wp-content\/uploads\/2025\/12\/Benoit-768x1060.jpeg 768w, https:\/\/gtg-grandson.ch\/wp-content\/uploads\/2025\/12\/Benoit-1113x1536.jpeg 1113w, https:\/\/gtg-grandson.ch\/wp-content\/uploads\/2025\/12\/Benoit-1484x2048.jpeg 1484w, https:\/\/gtg-grandson.ch\/wp-content\/uploads\/2025\/12\/Benoit-1080x1491.jpeg 1080w, https:\/\/gtg-grandson.ch\/wp-content\/uploads\/2025\/12\/Benoit-1280x1767.jpeg 1280w, https:\/\/gtg-grandson.ch\/wp-content\/uploads\/2025\/12\/Benoit-980x1353.jpeg 980w, https:\/\/gtg-grandson.ch\/wp-content\/uploads\/2025\/12\/Benoit-480x662.jpeg 480w\" sizes=\"auto, (max-width: 1652px) 100vw, 1652px\" \/><\/figure>\n\n\n\n<h3 class=\"wp-block-heading\">Beno\u00eet Kemmling<\/h3>\n\n\n\n<p class=\"has-medium-font-size\">Membre depuis &lt;fort longtemps&gt;<\/p>\n<\/div>\n\n\n\n<div class=\"wp-block-column is-layout-flow wp-block-column-is-layout-flow\">\n<figure class=\"wp-block-image size-full is-resized\" style=\"margin-bottom:24px\"><img loading=\"lazy\" decoding=\"async\" width=\"2048\" height=\"2560\" src=\"https:\/\/gtg-grandson.ch\/wp-content\/uploads\/2025\/12\/Cedric-scaled.jpeg\" alt=\"\" class=\"wp-image-40\" style=\"aspect-ratio:3\/4;object-fit:cover;width:164px\" srcset=\"https:\/\/gtg-grandson.ch\/wp-content\/uploads\/2025\/12\/Cedric-scaled.jpeg 2048w, https:\/\/gtg-grandson.ch\/wp-content\/uploads\/2025\/12\/Cedric-240x300.jpeg 240w, https:\/\/gtg-grandson.ch\/wp-content\/uploads\/2025\/12\/Cedric-819x1024.jpeg 819w, https:\/\/gtg-grandson.ch\/wp-content\/uploads\/2025\/12\/Cedric-768x960.jpeg 768w, https:\/\/gtg-grandson.ch\/wp-content\/uploads\/2025\/12\/Cedric-1229x1536.jpeg 1229w, https:\/\/gtg-grandson.ch\/wp-content\/uploads\/2025\/12\/Cedric-1639x2048.jpeg 1639w, https:\/\/gtg-grandson.ch\/wp-content\/uploads\/2025\/12\/Cedric-1080x1350.jpeg 1080w, https:\/\/gtg-grandson.ch\/wp-content\/uploads\/2025\/12\/Cedric-1280x1600.jpeg 1280w, https:\/\/gtg-grandson.ch\/wp-content\/uploads\/2025\/12\/Cedric-980x1225.jpeg 980w, https:\/\/gtg-grandson.ch\/wp-content\/uploads\/2025\/12\/Cedric-480x600.jpeg 480w\" sizes=\"auto, (max-width: 2048px) 100vw, 2048px\" \/><\/figure>\n\n\n\n<h3 class=\"wp-block-heading\">C\u00e9dric Meusy<\/h3>\n\n\n\n<p class=\"has-medium-font-size\">Membre depuis &lt;fort longtemps&gt;.<\/p>\n<\/div>\n\n\n\n<div class=\"wp-block-column is-layout-flow wp-block-column-is-layout-flow\">\n<figure class=\"wp-block-image size-full is-resized\" style=\"margin-bottom:24px\"><img loading=\"lazy\" decoding=\"async\" width=\"2048\" height=\"2560\" src=\"https:\/\/gtg-grandson.ch\/wp-content\/uploads\/2025\/12\/Coco-scaled.jpeg\" alt=\"\" class=\"wp-image-41\" style=\"aspect-ratio:3\/4;object-fit:cover;width:164px\" srcset=\"https:\/\/gtg-grandson.ch\/wp-content\/uploads\/2025\/12\/Coco-scaled.jpeg 2048w, https:\/\/gtg-grandson.ch\/wp-content\/uploads\/2025\/12\/Coco-240x300.jpeg 240w, https:\/\/gtg-grandson.ch\/wp-content\/uploads\/2025\/12\/Coco-819x1024.jpeg 819w, https:\/\/gtg-grandson.ch\/wp-content\/uploads\/2025\/12\/Coco-768x960.jpeg 768w, https:\/\/gtg-grandson.ch\/wp-content\/uploads\/2025\/12\/Coco-1229x1536.jpeg 1229w, https:\/\/gtg-grandson.ch\/wp-content\/uploads\/2025\/12\/Coco-1638x2048.jpeg 1638w, https:\/\/gtg-grandson.ch\/wp-content\/uploads\/2025\/12\/Coco-1080x1350.jpeg 1080w, https:\/\/gtg-grandson.ch\/wp-content\/uploads\/2025\/12\/Coco-1280x1600.jpeg 1280w, https:\/\/gtg-grandson.ch\/wp-content\/uploads\/2025\/12\/Coco-980x1225.jpeg 980w, https:\/\/gtg-grandson.ch\/wp-content\/uploads\/2025\/12\/Coco-480x600.jpeg 480w\" sizes=\"auto, (max-width: 2048px) 100vw, 2048px\" \/><\/figure>\n\n\n\n<h3 class=\"wp-block-heading\">Corinne Zwietnig<\/h3>\n\n\n\n<p class=\"has-medium-font-size\">Membre depuis 2009<\/p>\n\n\n\n<p class=\"has-medium-font-size\">Elle f\u00eata ses 44 ans sur sc\u00e8ne lors de son 1er spectacle avec le GTG.<\/p>\n<\/div>\n<\/div>\n\n\n\n<div class=\"wp-block-columns alignwide is-layout-flex wp-container-core-columns-is-layout-28f84493 wp-block-columns-is-layout-flex\">\n<div class=\"wp-block-column is-layout-flow wp-block-column-is-layout-flow\">\n<figure class=\"wp-block-image size-full is-resized\" style=\"margin-bottom:24px\"><img loading=\"lazy\" decoding=\"async\" width=\"481\" height=\"601\" src=\"https:\/\/gtg-grandson.ch\/wp-content\/uploads\/2025\/12\/Edith.jpeg\" alt=\"\" class=\"wp-image-42\" style=\"aspect-ratio:3\/4;object-fit:cover;width:164px\" srcset=\"https:\/\/gtg-grandson.ch\/wp-content\/uploads\/2025\/12\/Edith.jpeg 481w, https:\/\/gtg-grandson.ch\/wp-content\/uploads\/2025\/12\/Edith-240x300.jpeg 240w\" sizes=\"auto, (max-width: 481px) 100vw, 481px\" \/><\/figure>\n\n\n\n<h3 class=\"wp-block-heading\">Edith M\u00e9troz Maulaz<\/h3>\n\n\n\n<p class=\"has-medium-font-size\">Membre depuis 2017<\/p>\n\n\n\n<p>Le monde du spectacle m&#8217;a toujours emport\u00e9e !&nbsp;<\/p>\n\n\n\n<p class=\"has-medium-font-size\">\u00ab <em>Le th\u00e9\u00e2tre, c\u2019est un jeu s\u00e9rieux o\u00f9 l\u2019on s\u2019amuse \u00e0 \u00eatre vrai.<\/em> \u00bb<\/p>\n<\/div>\n\n\n\n<div class=\"wp-block-column is-layout-flow wp-block-column-is-layout-flow\">\n<figure class=\"wp-block-image size-full is-resized\" style=\"margin-bottom:24px\"><img loading=\"lazy\" decoding=\"async\" width=\"2048\" height=\"2560\" src=\"https:\/\/gtg-grandson.ch\/wp-content\/uploads\/2025\/12\/Jean-Da-scaled.jpeg\" alt=\"\" class=\"wp-image-43\" style=\"aspect-ratio:3\/4;object-fit:cover;width:164px\" srcset=\"https:\/\/gtg-grandson.ch\/wp-content\/uploads\/2025\/12\/Jean-Da-scaled.jpeg 2048w, https:\/\/gtg-grandson.ch\/wp-content\/uploads\/2025\/12\/Jean-Da-240x300.jpeg 240w, https:\/\/gtg-grandson.ch\/wp-content\/uploads\/2025\/12\/Jean-Da-819x1024.jpeg 819w, https:\/\/gtg-grandson.ch\/wp-content\/uploads\/2025\/12\/Jean-Da-768x960.jpeg 768w, https:\/\/gtg-grandson.ch\/wp-content\/uploads\/2025\/12\/Jean-Da-1229x1536.jpeg 1229w, https:\/\/gtg-grandson.ch\/wp-content\/uploads\/2025\/12\/Jean-Da-1638x2048.jpeg 1638w, https:\/\/gtg-grandson.ch\/wp-content\/uploads\/2025\/12\/Jean-Da-1080x1350.jpeg 1080w, https:\/\/gtg-grandson.ch\/wp-content\/uploads\/2025\/12\/Jean-Da-1280x1600.jpeg 1280w, https:\/\/gtg-grandson.ch\/wp-content\/uploads\/2025\/12\/Jean-Da-980x1225.jpeg 980w, https:\/\/gtg-grandson.ch\/wp-content\/uploads\/2025\/12\/Jean-Da-480x600.jpeg 480w\" sizes=\"auto, (max-width: 2048px) 100vw, 2048px\" \/><\/figure>\n\n\n\n<h3 class=\"wp-block-heading\">Jean-Daniel Cruchet<\/h3>\n\n\n\n<p class=\"has-medium-font-size\">Membre depuis &lt;fort longtemps&gt;<\/p>\n<\/div>\n\n\n\n<div class=\"wp-block-column is-layout-flow wp-block-column-is-layout-flow\">\n<figure class=\"wp-block-image size-full is-resized\" style=\"margin-bottom:24px\"><img loading=\"lazy\" decoding=\"async\" width=\"2048\" height=\"2560\" src=\"https:\/\/gtg-grandson.ch\/wp-content\/uploads\/2025\/12\/Sandra-scaled.jpeg\" alt=\"\" class=\"wp-image-45\" style=\"aspect-ratio:3\/4;object-fit:cover;width:164px\" srcset=\"https:\/\/gtg-grandson.ch\/wp-content\/uploads\/2025\/12\/Sandra-scaled.jpeg 2048w, https:\/\/gtg-grandson.ch\/wp-content\/uploads\/2025\/12\/Sandra-240x300.jpeg 240w, https:\/\/gtg-grandson.ch\/wp-content\/uploads\/2025\/12\/Sandra-819x1024.jpeg 819w, https:\/\/gtg-grandson.ch\/wp-content\/uploads\/2025\/12\/Sandra-768x960.jpeg 768w, https:\/\/gtg-grandson.ch\/wp-content\/uploads\/2025\/12\/Sandra-1229x1536.jpeg 1229w, https:\/\/gtg-grandson.ch\/wp-content\/uploads\/2025\/12\/Sandra-1638x2048.jpeg 1638w, https:\/\/gtg-grandson.ch\/wp-content\/uploads\/2025\/12\/Sandra-1080x1350.jpeg 1080w, https:\/\/gtg-grandson.ch\/wp-content\/uploads\/2025\/12\/Sandra-1280x1600.jpeg 1280w, https:\/\/gtg-grandson.ch\/wp-content\/uploads\/2025\/12\/Sandra-980x1225.jpeg 980w, https:\/\/gtg-grandson.ch\/wp-content\/uploads\/2025\/12\/Sandra-480x600.jpeg 480w\" sizes=\"auto, (max-width: 2048px) 100vw, 2048px\" \/><\/figure>\n\n\n\n<h3 class=\"wp-block-heading\">Sandra Ackermann<\/h3>\n\n\n\n<p class=\"has-medium-font-size\">Membre depuis 2021<\/p>\n<\/div>\n\n\n\n<div class=\"wp-block-column is-layout-flow wp-block-column-is-layout-flow\">\n<figure class=\"wp-block-image size-full is-resized\" style=\"margin-bottom:24px\"><img loading=\"lazy\" decoding=\"async\" width=\"1338\" height=\"1673\" src=\"https:\/\/gtg-grandson.ch\/wp-content\/uploads\/2025\/12\/Tarak.jpeg\" alt=\"\" class=\"wp-image-46\" style=\"aspect-ratio:3\/4;object-fit:cover;width:164px\" srcset=\"https:\/\/gtg-grandson.ch\/wp-content\/uploads\/2025\/12\/Tarak.jpeg 1338w, https:\/\/gtg-grandson.ch\/wp-content\/uploads\/2025\/12\/Tarak-240x300.jpeg 240w, https:\/\/gtg-grandson.ch\/wp-content\/uploads\/2025\/12\/Tarak-819x1024.jpeg 819w, https:\/\/gtg-grandson.ch\/wp-content\/uploads\/2025\/12\/Tarak-768x960.jpeg 768w, https:\/\/gtg-grandson.ch\/wp-content\/uploads\/2025\/12\/Tarak-1228x1536.jpeg 1228w, https:\/\/gtg-grandson.ch\/wp-content\/uploads\/2025\/12\/Tarak-1080x1350.jpeg 1080w, https:\/\/gtg-grandson.ch\/wp-content\/uploads\/2025\/12\/Tarak-1280x1600.jpeg 1280w, https:\/\/gtg-grandson.ch\/wp-content\/uploads\/2025\/12\/Tarak-980x1225.jpeg 980w, https:\/\/gtg-grandson.ch\/wp-content\/uploads\/2025\/12\/Tarak-480x600.jpeg 480w\" sizes=\"auto, (max-width: 1338px) 100vw, 1338px\" \/><\/figure>\n\n\n\n<h3 class=\"wp-block-heading\">Tarak F\u00e9kih<\/h3>\n\n\n\n<p class=\"has-medium-font-size\">Membre depuis 2017<\/p>\n\n\n\n<p class=\"has-medium-font-size\">\u201c<em>Fais rire le public. Dissipe son ennui. Et s&#8217;il te m\u00e9prise et t&#8217;oublie sit\u00f4t qu&#8217;il a pass\u00e9 la porte, \u00e7a ne fait rien. On oublie toujours ceux qui vous ont fait du bien.<\/em>\u201d Sasha Guitry<\/p>\n<\/div>\n<\/div>\n\n\n\n<div class=\"wp-block-columns alignwide is-layout-flex wp-container-core-columns-is-layout-28f84493 wp-block-columns-is-layout-flex\">\n<div class=\"wp-block-column is-layout-flow wp-block-column-is-layout-flow\">\n<figure class=\"wp-block-image size-full is-resized\" style=\"margin-bottom:24px\"><img loading=\"lazy\" decoding=\"async\" width=\"1039\" height=\"1299\" src=\"https:\/\/gtg-grandson.ch\/wp-content\/uploads\/2025\/12\/Peggy.jpeg\" alt=\"\" class=\"wp-image-44\" style=\"aspect-ratio:0.75;object-fit:cover;width:164px;height:auto\" srcset=\"https:\/\/gtg-grandson.ch\/wp-content\/uploads\/2025\/12\/Peggy.jpeg 1039w, https:\/\/gtg-grandson.ch\/wp-content\/uploads\/2025\/12\/Peggy-240x300.jpeg 240w, https:\/\/gtg-grandson.ch\/wp-content\/uploads\/2025\/12\/Peggy-819x1024.jpeg 819w, https:\/\/gtg-grandson.ch\/wp-content\/uploads\/2025\/12\/Peggy-768x960.jpeg 768w, https:\/\/gtg-grandson.ch\/wp-content\/uploads\/2025\/12\/Peggy-980x1225.jpeg 980w, https:\/\/gtg-grandson.ch\/wp-content\/uploads\/2025\/12\/Peggy-480x600.jpeg 480w\" sizes=\"auto, (max-width: 1039px) 100vw, 1039px\" \/><\/figure>\n\n\n\n<h3 class=\"wp-block-heading\">Peggy Lodary<\/h3>\n\n\n\n<p class=\"has-medium-font-size\">Membre depuis &lt;fort longtemps&gt;<\/p>\n\n\n\n<p>Peggy est notre souffleuse, notre soutien, notre b\u00e9quille.<\/p>\n<\/div>\n<\/div>\n<\/div>\n","protected":false},"excerpt":{"rendered":"<p>Annick Voirol Reymond Membre et auteure depuis &lt;fort longtemps>&#8220;Et puis quoi, qu\u2019importe la culture ? Quand il a \u00e9crit Hamlet, Moli\u00e8re avait-il lu Rostand ? Non !&#8221;\u00a0 Pierre Desproges Beno\u00eet Kemmling Membre depuis &lt;fort longtemps&gt; C\u00e9dric Meusy Membre depuis &lt;fort longtemps&gt;. Corinne Zwietnig Membre depuis 2009 Elle f\u00eata ses 44 ans sur sc\u00e8ne lors de [&hellip;]<\/p>\n","protected":false},"author":1,"featured_media":29,"parent":0,"menu_order":0,"comment_status":"closed","ping_status":"closed","template":"page-avec-image","meta":{"footnotes":""},"class_list":["post-20","page","type-page","status-publish","has-post-thumbnail","hentry"],"yoast_head":"<!-- This site is optimized with the Yoast SEO plugin v27.0 - https:\/\/yoast.com\/product\/yoast-seo-wordpress\/ -->\n<title>La troupe - Groupe Th\u00e9\u00e2tre Grandson<\/title>\n<meta name=\"robots\" content=\"index, follow, max-snippet:-1, max-image-preview:large, max-video-preview:-1\" \/>\n<link rel=\"canonical\" href=\"https:\/\/gtg-grandson.ch\/a-laffiche\/la-troupe\/\" \/>\n<meta property=\"og:locale\" content=\"fr_FR\" \/>\n<meta property=\"og:type\" content=\"article\" \/>\n<meta property=\"og:title\" content=\"La troupe - Groupe Th\u00e9\u00e2tre Grandson\" \/>\n<meta property=\"og:description\" content=\"Annick Voirol Reymond Membre et auteure depuis &lt;fort longtemps&gt;&#8220;Et puis quoi, qu\u2019importe la culture ? Quand il a \u00e9crit Hamlet, Moli\u00e8re avait-il lu Rostand ? Non !&#8221;\u00a0 Pierre Desproges Beno\u00eet Kemmling Membre depuis &lt;fort longtemps&gt; C\u00e9dric Meusy Membre depuis &lt;fort longtemps&gt;. Corinne Zwietnig Membre depuis 2009 Elle f\u00eata ses 44 ans sur sc\u00e8ne lors de [&hellip;]\" \/>\n<meta property=\"og:url\" content=\"https:\/\/gtg-grandson.ch\/a-laffiche\/la-troupe\/\" \/>\n<meta property=\"og:site_name\" content=\"Groupe Th\u00e9\u00e2tre Grandson\" \/>\n<meta property=\"article:modified_time\" content=\"2026-01-19T17:53:54+00:00\" \/>\n<meta property=\"og:image\" content=\"https:\/\/gtg-grandson.ch\/wp-content\/uploads\/2025\/12\/LaTroupe_Lg-scaled.jpeg\" \/>\n\t<meta property=\"og:image:width\" content=\"2560\" \/>\n\t<meta property=\"og:image:height\" content=\"836\" \/>\n\t<meta property=\"og:image:type\" content=\"image\/jpeg\" \/>\n<meta name=\"twitter:card\" content=\"summary_large_image\" \/>\n<meta name=\"twitter:label1\" content=\"Dur\u00e9e de lecture estim\u00e9e\" \/>\n\t<meta name=\"twitter:data1\" content=\"1 minute\" \/>\n<script type=\"application\/ld+json\" class=\"yoast-schema-graph\">{\"@context\":\"https:\/\/schema.org\",\"@graph\":[{\"@type\":\"WebPage\",\"@id\":\"https:\/\/gtg-grandson.ch\/a-laffiche\/la-troupe\/\",\"url\":\"https:\/\/gtg-grandson.ch\/a-laffiche\/la-troupe\/\",\"name\":\"La troupe - Groupe Th\u00e9\u00e2tre Grandson\",\"isPartOf\":{\"@id\":\"https:\/\/gtg-grandson.ch\/a-laffiche\/#website\"},\"primaryImageOfPage\":{\"@id\":\"https:\/\/gtg-grandson.ch\/a-laffiche\/la-troupe\/#primaryimage\"},\"image\":{\"@id\":\"https:\/\/gtg-grandson.ch\/a-laffiche\/la-troupe\/#primaryimage\"},\"thumbnailUrl\":\"https:\/\/gtg-grandson.ch\/wp-content\/uploads\/2025\/12\/LaTroupe_Lg-scaled.jpeg\",\"datePublished\":\"2025-12-25T23:46:30+00:00\",\"dateModified\":\"2026-01-19T17:53:54+00:00\",\"breadcrumb\":{\"@id\":\"https:\/\/gtg-grandson.ch\/a-laffiche\/la-troupe\/#breadcrumb\"},\"inLanguage\":\"fr-FR\",\"potentialAction\":[{\"@type\":\"ReadAction\",\"target\":[\"https:\/\/gtg-grandson.ch\/a-laffiche\/la-troupe\/\"]}]},{\"@type\":\"ImageObject\",\"inLanguage\":\"fr-FR\",\"@id\":\"https:\/\/gtg-grandson.ch\/a-laffiche\/la-troupe\/#primaryimage\",\"url\":\"https:\/\/gtg-grandson.ch\/wp-content\/uploads\/2025\/12\/LaTroupe_Lg-scaled.jpeg\",\"contentUrl\":\"https:\/\/gtg-grandson.ch\/wp-content\/uploads\/2025\/12\/LaTroupe_Lg-scaled.jpeg\",\"width\":2560,\"height\":836},{\"@type\":\"BreadcrumbList\",\"@id\":\"https:\/\/gtg-grandson.ch\/a-laffiche\/la-troupe\/#breadcrumb\",\"itemListElement\":[{\"@type\":\"ListItem\",\"position\":1,\"name\":\"Accueil\",\"item\":\"https:\/\/gtg-grandson.ch\/a-laffiche\/\"},{\"@type\":\"ListItem\",\"position\":2,\"name\":\"La troupe\"}]},{\"@type\":\"WebSite\",\"@id\":\"https:\/\/gtg-grandson.ch\/a-laffiche\/#website\",\"url\":\"https:\/\/gtg-grandson.ch\/a-laffiche\/\",\"name\":\"Groupe Th\u00e9\u00e2tre Grandson\",\"description\":\"\",\"potentialAction\":[{\"@type\":\"SearchAction\",\"target\":{\"@type\":\"EntryPoint\",\"urlTemplate\":\"https:\/\/gtg-grandson.ch\/a-laffiche\/?s={search_term_string}\"},\"query-input\":{\"@type\":\"PropertyValueSpecification\",\"valueRequired\":true,\"valueName\":\"search_term_string\"}}],\"inLanguage\":\"fr-FR\"}]}<\/script>\n<!-- \/ Yoast SEO plugin. -->","yoast_head_json":{"title":"La troupe - Groupe Th\u00e9\u00e2tre Grandson","robots":{"index":"index","follow":"follow","max-snippet":"max-snippet:-1","max-image-preview":"max-image-preview:large","max-video-preview":"max-video-preview:-1"},"canonical":"https:\/\/gtg-grandson.ch\/a-laffiche\/la-troupe\/","og_locale":"fr_FR","og_type":"article","og_title":"La troupe - Groupe Th\u00e9\u00e2tre Grandson","og_description":"Annick Voirol Reymond Membre et auteure depuis &lt;fort longtemps>&#8220;Et puis quoi, qu\u2019importe la culture ? Quand il a \u00e9crit Hamlet, Moli\u00e8re avait-il lu Rostand ? Non !&#8221;\u00a0 Pierre Desproges Beno\u00eet Kemmling Membre depuis &lt;fort longtemps&gt; C\u00e9dric Meusy Membre depuis &lt;fort longtemps&gt;. Corinne Zwietnig Membre depuis 2009 Elle f\u00eata ses 44 ans sur sc\u00e8ne lors de [&hellip;]","og_url":"https:\/\/gtg-grandson.ch\/a-laffiche\/la-troupe\/","og_site_name":"Groupe Th\u00e9\u00e2tre Grandson","article_modified_time":"2026-01-19T17:53:54+00:00","og_image":[{"width":2560,"height":836,"url":"https:\/\/gtg-grandson.ch\/wp-content\/uploads\/2025\/12\/LaTroupe_Lg-scaled.jpeg","type":"image\/jpeg"}],"twitter_card":"summary_large_image","twitter_misc":{"Dur\u00e9e de lecture estim\u00e9e":"1 minute"},"schema":{"@context":"https:\/\/schema.org","@graph":[{"@type":"WebPage","@id":"https:\/\/gtg-grandson.ch\/a-laffiche\/la-troupe\/","url":"https:\/\/gtg-grandson.ch\/a-laffiche\/la-troupe\/","name":"La troupe - Groupe Th\u00e9\u00e2tre Grandson","isPartOf":{"@id":"https:\/\/gtg-grandson.ch\/a-laffiche\/#website"},"primaryImageOfPage":{"@id":"https:\/\/gtg-grandson.ch\/a-laffiche\/la-troupe\/#primaryimage"},"image":{"@id":"https:\/\/gtg-grandson.ch\/a-laffiche\/la-troupe\/#primaryimage"},"thumbnailUrl":"https:\/\/gtg-grandson.ch\/wp-content\/uploads\/2025\/12\/LaTroupe_Lg-scaled.jpeg","datePublished":"2025-12-25T23:46:30+00:00","dateModified":"2026-01-19T17:53:54+00:00","breadcrumb":{"@id":"https:\/\/gtg-grandson.ch\/a-laffiche\/la-troupe\/#breadcrumb"},"inLanguage":"fr-FR","potentialAction":[{"@type":"ReadAction","target":["https:\/\/gtg-grandson.ch\/a-laffiche\/la-troupe\/"]}]},{"@type":"ImageObject","inLanguage":"fr-FR","@id":"https:\/\/gtg-grandson.ch\/a-laffiche\/la-troupe\/#primaryimage","url":"https:\/\/gtg-grandson.ch\/wp-content\/uploads\/2025\/12\/LaTroupe_Lg-scaled.jpeg","contentUrl":"https:\/\/gtg-grandson.ch\/wp-content\/uploads\/2025\/12\/LaTroupe_Lg-scaled.jpeg","width":2560,"height":836},{"@type":"BreadcrumbList","@id":"https:\/\/gtg-grandson.ch\/a-laffiche\/la-troupe\/#breadcrumb","itemListElement":[{"@type":"ListItem","position":1,"name":"Accueil","item":"https:\/\/gtg-grandson.ch\/a-laffiche\/"},{"@type":"ListItem","position":2,"name":"La troupe"}]},{"@type":"WebSite","@id":"https:\/\/gtg-grandson.ch\/a-laffiche\/#website","url":"https:\/\/gtg-grandson.ch\/a-laffiche\/","name":"Groupe Th\u00e9\u00e2tre Grandson","description":"","potentialAction":[{"@type":"SearchAction","target":{"@type":"EntryPoint","urlTemplate":"https:\/\/gtg-grandson.ch\/a-laffiche\/?s={search_term_string}"},"query-input":{"@type":"PropertyValueSpecification","valueRequired":true,"valueName":"search_term_string"}}],"inLanguage":"fr-FR"}]}},"_links":{"self":[{"href":"https:\/\/gtg-grandson.ch\/a-laffiche\/wp-json\/wp\/v2\/pages\/20","targetHints":{"allow":["GET"]}}],"collection":[{"href":"https:\/\/gtg-grandson.ch\/a-laffiche\/wp-json\/wp\/v2\/pages"}],"about":[{"href":"https:\/\/gtg-grandson.ch\/a-laffiche\/wp-json\/wp\/v2\/types\/page"}],"author":[{"embeddable":true,"href":"https:\/\/gtg-grandson.ch\/a-laffiche\/wp-json\/wp\/v2\/users\/1"}],"replies":[{"embeddable":true,"href":"https:\/\/gtg-grandson.ch\/a-laffiche\/wp-json\/wp\/v2\/comments?post=20"}],"version-history":[{"count":12,"href":"https:\/\/gtg-grandson.ch\/a-laffiche\/wp-json\/wp\/v2\/pages\/20\/revisions"}],"predecessor-version":[{"id":268,"href":"https:\/\/gtg-grandson.ch\/a-laffiche\/wp-json\/wp\/v2\/pages\/20\/revisions\/268"}],"wp:featuredmedia":[{"embeddable":true,"href":"https:\/\/gtg-grandson.ch\/a-laffiche\/wp-json\/wp\/v2\/media\/29"}],"wp:attachment":[{"href":"https:\/\/gtg-grandson.ch\/a-laffiche\/wp-json\/wp\/v2\/media?parent=20"}],"curies":[{"name":"wp","href":"https:\/\/api.w.org\/{rel}","templated":true}]}}